{"id":244,"date":"2023-04-30T16:57:02","date_gmt":"2023-04-30T15:57:02","guid":{"rendered":"https:\/\/seelenhort.ch\/?page_id=244"},"modified":"2023-04-30T17:34:01","modified_gmt":"2023-04-30T16:34:01","slug":"idee","status":"publish","type":"page","link":"https:\/\/seelenhort.ch\/?page_id=244","title":{"rendered":"Idee"},"content":{"rendered":"\n<p>Seelenhort weil; <\/p>\n\n\n\n<p><\/p>\n\n\n\n<p>F\u00fcr eine gute Gesundheit, ist es bedeutend, dass  K\u00f6rper, Geist und Seele in harmonischem Gleichgewicht in ausgewogenem Miteinander einhergehen.<\/p>\n\n\n\n<p>Wir sind Meister darin geworden, k\u00f6rperliche Warnzeichen  so lange zu ignorieren, bis sie ernsthaft werden, seelische Belastungen so lange zu ertragen und auszuhalten bis wir ohne Hilfe nicht mehr hinaus finden und unseren Geist so lange zu formen bis er so ver\u00e4ndert ist, dass wir gar nicht mehr wir selber sind und nicht mehr wissen was uns eigentlich ausmacht. <\/p>\n\n\n\n<p>F\u00fcr die Gesundheit gibt es schon unz\u00e4hlige Ratgeber, Angebote in unterschiedlichen Sparten der Ern\u00e4hrung, Fitness, K\u00f6rperpflege etc.<\/p>\n\n\n\n<p>Um unseren Geist zu formen k\u00f6nnen wir von Weiterbildungen \u00fcber Workshops  Kursen etc.von einem breiten Angebot profitieren.<\/p>\n\n\n\n<p><\/p>\n\n\n\n<p>Das ist alles wunderbar und bringt uns weiter, hilft uns zu wachsen und erfolgreich zu werden.<\/p>\n\n\n\n<p><\/p>\n\n\n\n<p><\/p>\n\n\n\n<p>Die <strong>Seele<\/strong> ist einfach da.<\/p>\n\n\n\n<p>Wenn es ihr nicht gut geht, wenn sie ignoriert, verletzt, unbeachtet oder in ihrer Bestimmung unterdr\u00fcckt wird, stellen sich Unzufriedenheit, Verbitterung, Hoffnungslosigkeit ein und die Abw\u00e4rtsspirale nimmt ihren Lauf.<\/p>\n\n\n\n<p>Schenkt man der Seele Beachtung, sch\u00fctzt sie und folgt man seinem inneren Ruf, kann sich Erf\u00fcllung Ausgeglichenheit, Freude und Gesundheit einstellen.<\/p>\n\n\n\n<p><\/p>\n\n\n\n<p>Deshalb hat sie bei der Namensfindung ihren besonderen Platz bekommen, um ihr Bedeutung zu geben, sie in unser Bewusstsein mit einzuschliessen. Damit wir uns besinnen, ihr wieder \u00f6fter zuzuh\u00f6ren. <\/p>\n\n\n\n<p>Damit das harmonische Gleichgewicht wieder entstehen kann, wenn es aus der Balance gekommen ist, wenn wir unsere Aufmerksamkeit zu wenig auf unsere Seele und zu viel auf K\u00f6rper und Geist gerichtet haben.  <\/p>\n\n\n\n<p>Ich finde die Seele sehr zentral und arbeite deshalb auch sehr gerne mit Kindern und Tieren zusammen. Sie lassen sich noch so gut in ihre Seele blicken und haben noch das Bewusstsein was ihnen gut tut.  <\/p>\n\n\n\n<p><strong>Hort<\/strong> steht f\u00fcr den Raum den es braucht&nbsp;in sich hineinf\u00fchlen zu k\u00f6nnen. Ein sicherer Ort, in dem man bereit sein kann begleitet, auf das verletzlichste zu horchen was wir in uns tragen, unsere Seele.<\/p>\n\n\n\n<p>Die Aromapraxis befindet sich auf dem Geisshof, eine Oase an Natur und Kraft die mir schon immer Sicherheit und Schutz gegeben hat. \u00dcber den Feldern liegt eine magische Ruhe und die Sicht \u00fcber den Baumgarten bis zum Wald l\u00e4sst Frieden in einem einkehren.<\/p>\n\n\n\n<p>Ich w\u00fcnsche mir, dass jeder der es braucht von dieser Energie tanken kann und in diesem Hort gesch\u00fctzt von allen Widrigkeiten zu seiner inneren Kraft und Freude findet.<\/p>\n\n\n\n<p>Mit der Aromatherapie unterst\u00fctze ich dich dabei negative Emotionen, schlimme Erinnerungen und dich blockierende Muster zu l\u00f6sen und nachhaltig dieses sch\u00f6ne Gef\u00fchl in dir zu wecken.<\/p>\n\n\n\n<p>Das Leben ist wundervoll, wenn man ein Auge f\u00fcr die kleinen sch\u00f6nen Dinge entwickelt und sie dankbar annimmt.<\/p>\n","protected":false},"excerpt":{"rendered":"<p>Seelenhort weil; F\u00fcr eine gute Gesundheit, ist es bedeutend, dass K\u00f6rper, Geist und Seele in harmonischem Gleichgewicht in ausgewogenem Miteinander einhergehen. Wir sind Meister darin geworden, k\u00f6rperliche Warnzeichen so lange zu ignorieren, bis sie ernsthaft werden, seelische Belastungen so lange zu ertragen und auszuhalten bis wir ohne Hilfe nicht mehr hinaus finden und unseren Geist [&hellip;]<\/p>\n","protected":false},"author":1,"featured_media":0,"parent":0,"menu_order":0,"comment_status":"closed","ping_status":"closed","template":"","meta":{"_joinchat":[],"footnotes":""},"class_list":["post-244","page","type-page","status-publish","czr-hentry"],"_links":{"self":[{"href":"https:\/\/seelenhort.ch\/index.php?rest_route=\/wp\/v2\/pages\/244","targetHints":{"allow":["GET"]}}],"collection":[{"href":"https:\/\/seelenhort.ch\/index.php?rest_route=\/wp\/v2\/pages"}],"about":[{"href":"https:\/\/seelenhort.ch\/index.php?rest_route=\/wp\/v2\/types\/page"}],"author":[{"embeddable":true,"href":"https:\/\/seelenhort.ch\/index.php?rest_route=\/wp\/v2\/users\/1"}],"replies":[{"embeddable":true,"href":"https:\/\/seelenhort.ch\/index.php?rest_route=%2Fwp%2Fv2%2Fcomments&post=244"}],"version-history":[{"count":7,"href":"https:\/\/seelenhort.ch\/index.php?rest_route=\/wp\/v2\/pages\/244\/revisions"}],"predecessor-version":[{"id":259,"href":"https:\/\/seelenhort.ch\/index.php?rest_route=\/wp\/v2\/pages\/244\/revisions\/259"}],"wp:attachment":[{"href":"https:\/\/seelenhort.ch\/index.php?rest_route=%2Fwp%2Fv2%2Fmedia&parent=244"}],"curies":[{"name":"wp","href":"https:\/\/api.w.org\/{rel}","templated":true}]}}