{"id":22,"date":"2023-01-29T15:39:37","date_gmt":"2023-01-29T15:39:37","guid":{"rendered":"https:\/\/seelenhort.ch\/?page_id=22"},"modified":"2023-05-26T12:37:26","modified_gmt":"2023-05-26T11:37:26","slug":"ueber-mich","status":"publish","type":"page","link":"https:\/\/seelenhort.ch\/?page_id=22","title":{"rendered":"\u00fcber mich"},"content":{"rendered":"\n<p><\/p>\n\n\n\n<p><\/p>\n\n\n\n<figure class=\"wp-block-image size-full is-resized is-style-default\"><img loading=\"lazy\" decoding=\"async\" src=\"https:\/\/seelenhort.ch\/wp-content\/uploads\/2023\/05\/cropped-Logo.png\" alt=\"\" class=\"wp-image-300\" width=\"150\" height=\"150\" srcset=\"https:\/\/seelenhort.ch\/wp-content\/uploads\/2023\/05\/cropped-Logo-150x150.png 150w, https:\/\/seelenhort.ch\/wp-content\/uploads\/2023\/05\/cropped-Logo-510x510.png 510w\" sizes=\"auto, (max-width: 150px) 100vw, 150px\" \/><\/figure>\n\n\n\n<figure class=\"wp-block-image size-thumbnail is-style-rounded\"><img loading=\"lazy\" decoding=\"async\" width=\"150\" height=\"150\" src=\"https:\/\/seelenhort.ch\/wp-content\/uploads\/2023\/04\/jessi-150x150.jpg\" alt=\"\" class=\"wp-image-179\" srcset=\"https:\/\/seelenhort.ch\/wp-content\/uploads\/2023\/04\/jessi-150x150.jpg 150w, https:\/\/seelenhort.ch\/wp-content\/uploads\/2023\/04\/jessi-510x510.jpg 510w\" sizes=\"auto, (max-width: 150px) 100vw, 150px\" \/><\/figure>\n\n\n\n<p>Mein Name ist Jessica Wildi. Die Kindheit auf dem Bauernhof hat mich sehr gepr\u00e4gt. Umgeben von Natur und Tieren habe ich mich und meine feinf\u00fchlige Art annehmen und nutzen lernen d\u00fcrfen. <\/p>\n\n\n\n<p> <\/p>\n\n\n\n<p>Ich f\u00fchle mich wohl, wenn alles in Harmonie ist und ich anderen Lebewesen helfen kann. <\/p>\n\n\n\n<p>Die Natur hat mir schon immer Halt und Inspiration gegeben und geholfen in meine innere Balance und Kraft zu finden. <\/p>\n\n\n\n<p><\/p>\n\n\n\n<p><\/p>\n\n\n\n<p>Ich bin Mutter von zwei sensiblen Jungs und durfte mit Ihnen viele wertvolle Erfahrungen machen, die mich gepr\u00e4gt und bereichert haben. <\/p>\n\n\n\n<p>Meinem Mann bin ich dankbar dass wir uns so wundervoll erg\u00e4nzen und wir uns unsere Freir\u00e4ume g\u00f6nnen.<\/p>\n\n\n\n<p><\/p>\n\n\n\n<p>Als Floristin habe ich es immer genossen mit allen Sinnen zu gestalten und die vielen sch\u00f6nen Farben und Formen haben mir ebenso viel Freude ins Herz gezaubert wie die wundervollen D\u00fcfte. Dies an die Kunden weiterzugeben, hat mich immer sehr bereichert.<\/p>\n\n\n\n<p>Durch die verschiedenen Phasen meines Lebens ist viel Herausforderndes an mich herangekommen. An diesen Erfahrungen durfte ich wachsen und habe gesp\u00fcrt dass ich noch mehr machen m\u00f6chte. Heilkunde, Medizin und Psychologie haben mich schon immer interessiert. Weil ich auch schon immer schnell gesp\u00fcrt habe wenn es jemandem nicht gut geht. Mit den \u00e4therischen \u00d6len habe ich etwas gefunden, das mir selber aber auch meinem Umfeld, auf so sanfte aber wirkungsvolle Weise hilft.<\/p>\n\n\n\n<p>Mit der Ausbildung zur \u00e4rztlich gepr\u00fcften Aromatologin hat sich Alles f\u00fcr was ich mich begeistern kann zusammengef\u00fcgt und gibt mir jeden Tag Kraft und Liebe. Meine Interessen, Leidenschaften und Gaben durften sich vereinen und ich mich zur \u00e4rztlich gepr\u00fcften Aromatologin entwickeln.<\/p>\n\n\n\n<p>Ich bin so dankbar diese wundervollen Essenzen an der Hand zu haben, um unterst\u00fctzend in allen Lebenslagen und Herausforderungen zu begleiten, sei es gesundheitlich oder emotional.<\/p>\n\n\n\n<p><\/p>\n\n\n\n<p>Danke dass du meine Seite besuchst. <\/p>\n\n\n\n<p><\/p>\n\n\n\n<p><\/p>\n\n\n\n<p><a href=\"https:\/\/seelenhort.ch\/?page_id=44\" data-type=\"page\" data-id=\"44\">Meine Diplome<\/a><\/p>\n\n\n\n<p><\/p>\n","protected":false},"excerpt":{"rendered":"<p>Mein Name ist Jessica Wildi. Die Kindheit auf dem Bauernhof hat mich sehr gepr\u00e4gt. Umgeben von Natur und Tieren habe ich mich und meine feinf\u00fchlige Art annehmen und nutzen lernen d\u00fcrfen. Ich f\u00fchle mich wohl, wenn alles in Harmonie ist und ich anderen Lebewesen helfen kann. Die Natur hat mir schon immer Halt und Inspiration [&hellip;]<\/p>\n","protected":false},"author":1,"featured_media":0,"parent":0,"menu_order":0,"comment_status":"closed","ping_status":"closed","template":"","meta":{"_joinchat":[],"footnotes":""},"class_list":["post-22","page","type-page","status-publish","czr-hentry"],"_links":{"self":[{"href":"https:\/\/seelenhort.ch\/index.php?rest_route=\/wp\/v2\/pages\/22","targetHints":{"allow":["GET"]}}],"collection":[{"href":"https:\/\/seelenhort.ch\/index.php?rest_route=\/wp\/v2\/pages"}],"about":[{"href":"https:\/\/seelenhort.ch\/index.php?rest_route=\/wp\/v2\/types\/page"}],"author":[{"embeddable":true,"href":"https:\/\/seelenhort.ch\/index.php?rest_route=\/wp\/v2\/users\/1"}],"replies":[{"embeddable":true,"href":"https:\/\/seelenhort.ch\/index.php?rest_route=%2Fwp%2Fv2%2Fcomments&post=22"}],"version-history":[{"count":17,"href":"https:\/\/seelenhort.ch\/index.php?rest_route=\/wp\/v2\/pages\/22\/revisions"}],"predecessor-version":[{"id":306,"href":"https:\/\/seelenhort.ch\/index.php?rest_route=\/wp\/v2\/pages\/22\/revisions\/306"}],"wp:attachment":[{"href":"https:\/\/seelenhort.ch\/index.php?rest_route=%2Fwp%2Fv2%2Fmedia&parent=22"}],"curies":[{"name":"wp","href":"https:\/\/api.w.org\/{rel}","templated":true}]}}